{"id":1289,"date":"2025-06-16T09:52:08","date_gmt":"2025-06-16T07:52:08","guid":{"rendered":"https:\/\/www.fixmajster.sk\/?page_id=1289"},"modified":"2025-06-16T09:59:45","modified_gmt":"2025-06-16T07:59:45","slug":"zasady-ochrany-osobnych-udajov","status":"publish","type":"page","link":"https:\/\/www.fixmajster.sk\/index.php\/zasady-ochrany-osobnych-udajov\/","title":{"rendered":"Z\u00e1sady ochrany osobn\u00fdch \u00fadajov"},"content":{"rendered":"\t\t<div data-elementor-type=\"wp-page\" data-elementor-id=\"1289\" class=\"elementor elementor-1289\">\n\t\t\t\t<div class=\"elementor-element elementor-element-f96abaf e-flex e-con-boxed e-con e-parent\" data-id=\"f96abaf\" data-element_type=\"container\">\n\t\t\t\t\t<div class=\"e-con-inner\">\n\t\t\t\t<div class=\"elementor-element elementor-element-d32b484 elementor-widget elementor-widget-heading\" data-id=\"d32b484\" data-element_type=\"widget\" data-widget_type=\"heading.default\">\n\t\t\t\t<div class=\"elementor-widget-container\">\n\t\t\t\t\t<h2 class=\"elementor-heading-title elementor-size-default\">Z\u00e1sady ochrany osobn\u00fdch \u00fadajov<\/h2>\t\t\t\t<\/div>\n\t\t\t\t<\/div>\n\t\t\t\t\t<\/div>\n\t\t\t\t<\/div>\n\t\t<div class=\"elementor-element elementor-element-aa19355 e-flex e-con-boxed e-con e-parent\" data-id=\"aa19355\" data-element_type=\"container\">\n\t\t\t\t\t<div class=\"e-con-inner\">\n\t\t\t\t<div class=\"elementor-element elementor-element-3e66543 elementor-widget elementor-widget-text-editor\" data-id=\"3e66543\" data-element_type=\"widget\" data-widget_type=\"text-editor.default\">\n\t\t\t\t<div class=\"elementor-widget-container\">\n\t\t\t\t\t\t\t\t\t<p><strong>1. Prev\u00e1dzkovate\u013e<\/strong><br \/>Prev\u00e1dzkovate\u013eom webovej str\u00e1nky www.fixmajster.sk je:<\/p>\n<p>Filip Miho<br \/>\u017divnostn\u00edk \u2013 Filip Miho<br \/>I\u010cO:51094151<br \/>S\u00eddlo: Terchov\u00e1, Biely potok 1171, 01306<br \/>E-mail: fixmajster@fixmajster.sk<br \/>Tel.: 0950494504<\/p>\n<p>Va\u0161e osobn\u00e9 \u00fadaje sprac\u00favam v s\u00falade s platnou legislat\u00edvou, najm\u00e4 nariaden\u00edm (E\u00da) 2016\/679 o ochrane osobn\u00fdch \u00fadajov (GDPR).<\/p>\n<p>\u00a0<\/p>\n<p><strong>2. Ak\u00e9 \u00fadaje zbierame a pre\u010do<\/strong><br \/>M\u00f4\u017eeme o v\u00e1s zbiera\u0165 nasleduj\u00face \u00fadaje:<\/p>\n<p><strong>Meno a priezvisko<\/strong><\/p>\n<p>E-mailov\u00e1 adresa a telef\u00f3nne \u010d\u00edslo<\/p>\n<p>IP adresa a cookies (viac ni\u017e\u0161ie)<\/p>\n<p><strong>Tieto \u00fadaje z\u00edskavame najm\u00e4 prostredn\u00edctvom:<\/strong><\/p>\n<p>kontaktn\u00e9ho formul\u00e1ra<\/p>\n<p>e-mailovej alebo telefonickej komunik\u00e1cie<\/p>\n<p>analytick\u00fdch n\u00e1strojov (napr. Google Analytics)<\/p>\n<p><strong>\u00da\u010del spracovania \u00fadajov:<\/strong><\/p>\n<p>Odpovedanie na va\u0161e ot\u00e1zky a dopyty<\/p>\n<p>Vystavenie fakt\u00far a plnenie z\u00e1konn\u00fdch povinnost\u00ed<\/p>\n<p>Zlep\u0161enie funk\u010dnosti webu a anal\u00fdza n\u00e1v\u0161tevnosti (pri vyu\u017eit\u00ed cookies)<\/p>\n<p>\u00a0<\/p>\n<p><strong>3. Doba uchov\u00e1vania \u00fadajov<\/strong><br \/>Osobn\u00e9 \u00fadaje uchov\u00e1vam:<\/p>\n<p>po dobu nevyhnutn\u00fa na vybavenie va\u0161ej po\u017eiadavky<\/p>\n<p>\u00fadaje s\u00favisiace s faktur\u00e1ciou po dobu 10 rokov (v zmysle z\u00e1kona)<\/p>\n<p>\u00a0<\/p>\n<p><strong>4. Komu \u00fadaje poskytujeme<\/strong><br \/>Va\u0161e \u00fadaje m\u00f4\u017eu by\u0165 spracovan\u00e9 aj tret\u00edmi stranami, napr\u00edklad:<\/p>\n<p>poskytovate\u013eom webhostingu<\/p>\n<p>\u00fa\u010dtovn\u00fdm softv\u00e9rom alebo faktura\u010dn\u00fdm syst\u00e9mom<\/p>\n<p>v pr\u00edpade pou\u017e\u00edvania Google slu\u017eieb \u2013 Google Analytics alebo Google Ads<\/p>\n<p>Tieto subjekty s\u00fa zmluvne viazan\u00e9 zachov\u00e1va\u0165 d\u00f4vernos\u0165 a sprac\u00fava\u0165 \u00fadaje v s\u00falade s GDPR.<\/p>\n<p>\u00a0<\/p>\n<p><strong>5. Va\u0161e pr\u00e1va<\/strong><br \/>M\u00e1te pr\u00e1vo:<\/p>\n<p>po\u017eiada\u0165 o pr\u00edstup k svojim osobn\u00fdm \u00fadajom<\/p>\n<p>po\u017eiada\u0165 o opravu alebo v\u00fdmaz \u00fadajov<\/p>\n<p>namieta\u0165 proti spracovaniu<\/p>\n<p>poda\u0165 s\u0165a\u017enos\u0165 na \u00darad na ochranu osobn\u00fdch \u00fadajov<\/p>\n<p>Ak si chcete uplatni\u0165 niektor\u00e9 z t\u00fdchto pr\u00e1v, kontaktujte ma na fixmajster@fixmajster.sk.<\/p>\n<p>\u00a0<\/p>\n<p><strong>6. S\u00fabory cookies<\/strong><br \/>T\u00e1to str\u00e1nka m\u00f4\u017ee pou\u017e\u00edva\u0165 cookies, ktor\u00e9 pom\u00e1haj\u00fa zlep\u0161i\u0165 pou\u017e\u00edvate\u013esk\u00fd z\u00e1\u017eitok a analyzova\u0165 n\u00e1v\u0161tevnos\u0165.<\/p>\n<p>\u00a0<\/p>\n<p><strong>7. Z\u00e1vere\u010dn\u00e9 ustanovenia<\/strong><br \/>Tieto z\u00e1sady m\u00f4\u017eem aktualizova\u0165, aby odr\u00e1\u017eali zmeny v pr\u00e1vnych predpisoch alebo v mojich slu\u017eb\u00e1ch. Odpor\u00fa\u010dam ich pravidelne kontrolova\u0165.<\/p>\n<p>D\u00e1tum poslednej aktualiz\u00e1cie: [8.6.2025]<\/p>\t\t\t\t\t\t\t\t<\/div>\n\t\t\t\t<\/div>\n\t\t\t\t\t<\/div>\n\t\t\t\t<\/div>\n\t\t\t\t<\/div>\n\t\t","protected":false},"excerpt":{"rendered":"<p class=\"tx-excerpt\">Z\u00e1sady ochrany osobn\u00fdch \u00fadajov 1. Prev\u00e1dzkovate\u013ePrev\u00e1dzkovate\u013eom webovej str\u00e1nky www.fixmajster.sk je: Filip Miho\u017divnostn\u00edk \u2013 Filip MihoI\u010cO:51094151S\u00eddlo: Terchov\u00e1, Biely potok 1171, 01306E-mail: fixmajster@fixmajster.skTel.: 0950494504 Va\u0161e osobn\u00e9 \u00fadaje sprac\u00favam v s\u00falade s platnou legislat\u00edvou, najm\u00e4 nariaden\u00edm","protected":false},"author":1,"featured_media":0,"parent":0,"menu_order":0,"comment_status":"closed","ping_status":"closed","template":"","meta":{"footnotes":""},"class_list":["post-1289","page","type-page","status-publish","hentry"],"_links":{"self":[{"href":"https:\/\/www.fixmajster.sk\/index.php\/wp-json\/wp\/v2\/pages\/1289","targetHints":{"allow":["GET"]}}],"collection":[{"href":"https:\/\/www.fixmajster.sk\/index.php\/wp-json\/wp\/v2\/pages"}],"about":[{"href":"https:\/\/www.fixmajster.sk\/index.php\/wp-json\/wp\/v2\/types\/page"}],"author":[{"embeddable":true,"href":"https:\/\/www.fixmajster.sk\/index.php\/wp-json\/wp\/v2\/users\/1"}],"replies":[{"embeddable":true,"href":"https:\/\/www.fixmajster.sk\/index.php\/wp-json\/wp\/v2\/comments?post=1289"}],"version-history":[{"count":4,"href":"https:\/\/www.fixmajster.sk\/index.php\/wp-json\/wp\/v2\/pages\/1289\/revisions"}],"predecessor-version":[{"id":1293,"href":"https:\/\/www.fixmajster.sk\/index.php\/wp-json\/wp\/v2\/pages\/1289\/revisions\/1293"}],"wp:attachment":[{"href":"https:\/\/www.fixmajster.sk\/index.php\/wp-json\/wp\/v2\/media?parent=1289"}],"curies":[{"name":"wp","href":"https:\/\/api.w.org\/{rel}","templated":true}]}}